{"id":1668,"date":"2018-05-13T11:32:21","date_gmt":"2018-05-13T08:32:21","guid":{"rendered":"http:\/\/snr.com.tr\/?page_id=1668"},"modified":"2018-05-18T15:23:26","modified_gmt":"2018-05-18T12:23:26","slug":"svr-bilgi-teknolojileri-a-s","status":"publish","type":"page","link":"https:\/\/www.snr.com.tr\/tr\/svr-bilgi-teknolojileri-a-s\/","title":{"rendered":"SVR Bilgi Teknolojileri A.S"},"content":{"rendered":"<p>[vc_row][vc_column][vc_single_image image=&#8221;1664&#8243; img_size=&#8221;full&#8221; alignment=&#8221;center&#8221; style=&#8221;vc_box_shadow_3d&#8221;][\/vc_column][\/vc_row][vc_row][vc_column][vc_empty_space][\/vc_column][\/vc_row][vc_row][vc_column]<div class=\"heading text-left\"><div class=\"heading_border bg_red\"><\/div><h2>SVR <span class=\"color_red\">BILGI TEKNOJILERI<\/span><\/h2><\/div>[\/vc_column][\/vc_row][vc_row][vc_column][vc_column_text]SVR Bilgi Teknolojileri A.\u015e., evrensel de\u011ferleri benimsemi\u015f, etik kurallara ba\u011fl\u0131, giri\u015fimci, yarat\u0131c\u0131, ara\u015ft\u0131rmac\u0131, yenilik\u00e7i, sekt\u00f6rde b\u00f6lgesel lider bir firma olmakt\u0131r.\u00a0SVR Bilgi Teknolojileri A.\u015e.&#8217;nin Y\u0131ld\u0131z Teknik \u00dcniversitesi Teknopark A.\u015e. ile i\u015fbirli\u011fi yaparak ortaya \u00e7\u0131kard\u0131\u011f\u0131 T\u00fcrkiye&#8217;nin ilk \u00f6zel sekt\u00f6r giri\u015fim s\u00fcper bilgisayar\u0131, e\u011fitimden finans sekt\u00f6r\u00fcne kadar, y\u00fcksek miktarlardaki verinin i\u015flenmesine y\u00f6nelik y\u00fcksek ba\u015far\u0131ml\u0131 hesaplama (ing. high performance computing) ve g\u00f6r\u00fcnt\u00fc i\u015fleme \u00e7\u00f6z\u00fcmleri \u00fcretmekteyi hedeflemektedir.<\/p>\n<p>Sekt\u00f6rel ileti\u015fime ve i\u015fbirli\u011fine \u00f6nem veren, disiplinler aras\u0131 i\u015fbirli\u011fi ile projeler \u00fcretebilen, \u00e7a\u011fda\u015f ve g\u00fc\u00e7l\u00fc teknolojilerini kullanarak sekt\u00f6r ba\u011f\u0131ms\u0131z hizmetlerini pazarlayabilen, sekt\u00f6rlerin ve toplumun ihtiya\u00e7lar\u0131na y\u00f6nelik uygulanabilir projeler \u00fcretebilen, ulusal ve uluslararas\u0131 i\u015fbirlikleri ile teknolojik geli\u015fmeleri ve sahip oldu\u011fu imk\u00e2nlar\u0131n\u0131 kullanarak yeni projelere liderlik edebilen, sosyal sorumluluk bilinci ile topluma, \u00e7al\u0131\u015fanlar\u0131na ve \u00e7evreye de\u011fer veren, e\u011fitimi destekleyen bir kurum olabilmektir.[\/vc_column_text][\/vc_column][\/vc_row][vc_row][vc_column][vc_empty_space]<div class=\"heading text-left\"><div class=\"heading_border bg_red\"><\/div><h2>SNR <span class=\"color_red\">HOLDING<\/span><\/h2><\/div>[vc_empty_space][vc_row_inner][vc_column_inner width=&#8221;1\/4&#8243;][vc_single_image image=&#8221;1551&#8243; img_size=&#8221;full&#8221; alignment=&#8221;center&#8221; style=&#8221;vc_box_shadow_3d&#8221;][vc_column_text]<em>SEFT Gemi Dizayn<\/em>\u00a0taraf\u0131ndan tasarlanan ve\u00a0<em>\u0130stanbul Shipyard\u00a0<\/em>taraf\u0131ndan in\u015fas\u0131 tamamlanan\u00a0A-583 TCG ISIN 22 Temmuz 2017 tarihinde \u015eanl\u0131 Bayra\u011f\u0131m\u0131z\u0131 \u00e7ekerek Deniz Kuvvetlerimiz filosuna kat\u0131ld\u0131.[\/vc_column_text][\/vc_column_inner][vc_column_inner width=&#8221;1\/4&#8243;][vc_single_image image=&#8221;1554&#8243; img_size=&#8221;full&#8221; alignment=&#8221;center&#8221; style=&#8221;vc_box_shadow_3d&#8221;][vc_column_text]<em>SEFT Gemi Dizayn<\/em>\u00a0taraf\u0131ndan tasarlanan ve\u00a0<em>\u0130stanbul Shipyard<\/em>\u00a0taraf\u0131ndan in\u015fas\u0131 tamamlanan sismik ara\u015ft\u0131rma gemisi MTA ORU\u00c7 RE\u0130S 27 Haziran 2017 tarihinde t\u00fcm deneme seyirlerini tamamlanmas\u0131n\u0131n ard\u0131ndan teslim edildi.[\/vc_column_text][\/vc_column_inner][vc_column_inner width=&#8221;1\/4&#8243;][vc_single_image image=&#8221;1560&#8243; img_size=&#8221;full&#8221; alignment=&#8221;center&#8221; style=&#8221;vc_box_shadow_3d&#8221;][vc_column_text]<em>SEFT Gemi Dizayn<\/em>\u00a0taraf\u0131ndan tasarlanan ve\u00a0<em>\u0130stanbul Shipyard\u00a0<\/em>taraf\u0131ndan in\u015fas\u0131 tamamlanan Kurtarma ve Yedekleme gemisi A-584 TCG AKIN 29 Aral\u0131k 2017 tarihinde\u00a0ger\u00e7ekle\u015ftirilen t\u00f6renle T\u00fcrk Deniz Kuvvetlerine teslim edildi.[\/vc_column_text][\/vc_column_inner][vc_column_inner width=&#8221;1\/4&#8243;][vc_single_image image=&#8221;1562&#8243; img_size=&#8221;250&#215;175&#8243; alignment=&#8221;center&#8221; style=&#8221;vc_box_shadow_3d&#8221;][vc_column_text]<em>SEFT Gemi Dizayn<\/em>\u00a0taraf\u0131ndan tasarlanan ve\u00a0<em>\u0130stanbul Shipyard\u00a0<\/em>taraf\u0131ndan in\u015fas\u0131 tamamlanan Denizalt\u0131 Kurtarma\u00a0 Ana gemisi A-582 TCG ALEMDAR 28 Ocak 2017 tarihinde\u00a0ger\u00e7ekle\u015ftirilen t\u00f6renle T\u00fcrk Deniz Kuvvetlerine teslim edildi.[\/vc_column_text][\/vc_column_inner][\/vc_row_inner][vc_empty_space height=&#8221;60px&#8221;][\/vc_column][\/vc_row][vc_row][vc_column width=&#8221;1\/2&#8243;][vc_btn title=&#8221;Ana Sayfa&#8221; style=&#8221;outline-custom&#8221; outline_custom_color=&#8221;#666666&#8243; outline_custom_hover_background=&#8221;#dd1a1a&#8221; outline_custom_hover_text=&#8221;#ffffff&#8221; align=&#8221;center&#8221; i_icon_fontawesome=&#8221;fa fa-arrow-left&#8221; add_icon=&#8221;true&#8221; link=&#8221;url:http%3A%2F%2Fwww.snr.com.tr|||&#8221;][\/vc_column][vc_column width=&#8221;1\/2&#8243;][vc_btn title=&#8221;SVR Bilgi Teknolojileri&#8221; style=&#8221;outline-custom&#8221; outline_custom_color=&#8221;#666666&#8243; outline_custom_hover_background=&#8221;#dd1a1a&#8221; outline_custom_hover_text=&#8221;#ffffff&#8221; align=&#8221;center&#8221; i_align=&#8221;right&#8221; i_icon_fontawesome=&#8221;fa fa-sign-in&#8221; add_icon=&#8221;true&#8221; link=&#8221;url:http%3A%2F%2Fwww.svras.com%2F|||&#8221;][\/vc_column][\/vc_row]<\/p>\n","protected":false},"excerpt":{"rendered":"<p>[vc_row][vc_column][vc_single_image image=&#8221;1664&#8243; img_size=&#8221;full&#8221; alignment=&#8221;center&#8221; style=&#8221;vc_box_shadow_3d&#8221;][\/vc_column][\/vc_row][vc_row][vc_column][vc_empty_space][\/vc_column][\/vc_row][vc_row][vc_column][\/vc_column][\/vc_row][vc_row][vc_column][vc_column_text]SVR Bilgi Teknolojileri A.\u015e., evrensel de\u011ferleri benimsemi\u015f, etik kurallara ba\u011fl\u0131, giri\u015fimci, yarat\u0131c\u0131, ara\u015ft\u0131rmac\u0131, yenilik\u00e7i, sekt\u00f6rde b\u00f6lgesel lider bir firma olmakt\u0131r.\u00a0SVR Bilgi&hellip;<\/p>\n","protected":false},"author":1,"featured_media":0,"parent":0,"menu_order":0,"comment_status":"closed","ping_status":"closed","template":"","meta":[],"translation":{"provider":"WPGlobus","version":"2.10.4","language":"tr","enabled_languages":["gb","tr"],"languages":{"gb":{"title":true,"content":true,"excerpt":false},"tr":{"title":false,"content":true,"excerpt":false}}},"_links":{"self":[{"href":"https:\/\/www.snr.com.tr\/tr\/wp-json\/wp\/v2\/pages\/1668"}],"collection":[{"href":"https:\/\/www.snr.com.tr\/tr\/wp-json\/wp\/v2\/pages"}],"about":[{"href":"https:\/\/www.snr.com.tr\/tr\/wp-json\/wp\/v2\/types\/page"}],"author":[{"embeddable":true,"href":"https:\/\/www.snr.com.tr\/tr\/wp-json\/wp\/v2\/users\/1"}],"replies":[{"embeddable":true,"href":"https:\/\/www.snr.com.tr\/tr\/wp-json\/wp\/v2\/comments?post=1668"}],"version-history":[{"count":12,"href":"https:\/\/www.snr.com.tr\/tr\/wp-json\/wp\/v2\/pages\/1668\/revisions"}],"predecessor-version":[{"id":2170,"href":"https:\/\/www.snr.com.tr\/tr\/wp-json\/wp\/v2\/pages\/1668\/revisions\/2170"}],"wp:attachment":[{"href":"https:\/\/www.snr.com.tr\/tr\/wp-json\/wp\/v2\/media?parent=1668"}],"curies":[{"name":"wp","href":"https:\/\/api.w.org\/{rel}","templated":true}]}}