{"id":2022,"date":"2018-06-13T17:00:02","date_gmt":"2018-06-13T14:00:02","guid":{"rendered":"http:\/\/snr.com.tr\/?page_id=2022"},"modified":"2018-06-18T11:46:56","modified_gmt":"2018-06-18T08:46:56","slug":"sp-projects","status":"publish","type":"page","link":"https:\/\/www.snr.com.tr\/tr\/sp-projects\/","title":{"rendered":"S&#038;P\/Projects"},"content":{"rendered":"<p>[vc_row][vc_column][vc_single_image image=&#8221;2035&#8243; img_size=&#8221;full&#8221; alignment=&#8221;center&#8221; style=&#8221;vc_box_shadow_3d&#8221;]<div class=\"heading text-left\"><div class=\"heading_border bg_red\"><\/div><h2>Sale &amp; Purchase \/ <span class=\"color_red\">Projects<\/span><\/h2><\/div>[vc_empty_space height=&#8221;20px&#8221;][\/vc_column][\/vc_row][vc_row][vc_column width=&#8221;1\/2&#8243;][vc_column_text]<strong>TAYFUN BOZO\u011eLU<\/strong> &#8211; <em>Executive Committee Member<\/em><\/p>\n<ul>\n<li><strong>Mob:<\/strong> +90 533 275 2288<\/li>\n<li><strong>E-Mail:<\/strong>\u00a0 <a href=\"mailto:tayfun.bozoglu@snr-holding.com\">tayfun.bozoglu@snr-holding.com\u00a0\u00a0<\/a><\/li>\n<li><strong>E-Mail:<\/strong><a href=\"mailto:tayfunb@snr-holding.com\">\u00a0tayfunb@snr-holding.com\u00a0<\/a><\/li>\n<\/ul>\n<p>[\/vc_column_text][\/vc_column][\/vc_row][vc_row][vc_column][vc_empty_space height=&#8221;80px&#8221;][\/vc_column][\/vc_row][vc_row][vc_column]<div class=\"heading text-left\"><div class=\"heading_border bg_red\"><\/div><h2>SNR <span class=\"color_red\">HOLDING<\/span><\/h2><\/div>[\/vc_column][\/vc_row][vc_row][vc_column width=&#8221;1\/4&#8243;][vc_single_image image=&#8221;1556&#8243; img_size=&#8221;275&#215;175&#8243; alignment=&#8221;center&#8221; style=&#8221;vc_box_shadow_3d&#8221;][vc_column_text]<em>SEFT Gemi Dizayn<\/em>\u00a0taraf\u0131ndan tasarlanan ve\u00a0<em>\u0130stanbul Shipyard\u00a0<\/em>taraf\u0131ndan in\u015fas\u0131 tamamlanan\u00a0A-583 TCG ISIN 22 Temmuz 2017 tarihinde \u015eanl\u0131 Bayra\u011f\u0131m\u0131z\u0131 \u00e7ekerek Deniz Kuvvetlerimiz filosuna kat\u0131ld\u0131.[\/vc_column_text][\/vc_column][vc_column width=&#8221;1\/4&#8243;][vc_single_image image=&#8221;1553&#8243; img_size=&#8221;275&#215;175&#8243; alignment=&#8221;center&#8221; style=&#8221;vc_box_shadow_3d&#8221;][vc_column_text]<em>SEFT Gemi Dizayn<\/em>\u00a0taraf\u0131ndan tasarlanan ve\u00a0<em>\u0130stanbul Shipyard<\/em>\u00a0taraf\u0131ndan in\u015fas\u0131 tamamlanan sismik ara\u015ft\u0131rma gemisi MTA ORU\u00c7 RE\u0130S 27 Haziran 2017 tarihinde t\u00fcm deneme seyirlerini tamamlanmas\u0131n\u0131n ard\u0131ndan teslim edildi.[\/vc_column_text][\/vc_column][vc_column width=&#8221;1\/4&#8243;][vc_single_image image=&#8221;1560&#8243; img_size=&#8221;275&#215;175&#8243; alignment=&#8221;center&#8221; style=&#8221;vc_box_shadow_3d&#8221;][vc_column_text]<em>SEFT Gemi Dizayn<\/em>\u00a0taraf\u0131ndan tasarlanan ve\u00a0<em>\u0130stanbul Shipyard\u00a0<\/em>taraf\u0131ndan in\u015fas\u0131 tamamlanan Kurtarma ve Yedekleme gemisi A-584 TCG AKIN 29 Aral\u0131k 2017 tarihinde\u00a0ger\u00e7ekle\u015ftirilen t\u00f6renle T\u00fcrk Deniz Kuvvetlerine teslim edildi.[\/vc_column_text][\/vc_column][vc_column width=&#8221;1\/4&#8243;][vc_single_image image=&#8221;1562&#8243; img_size=&#8221;275&#215;175&#8243; alignment=&#8221;center&#8221; style=&#8221;vc_box_shadow_3d&#8221;][vc_column_text]<em>SEFT Gemi Dizayn<\/em>\u00a0taraf\u0131ndan tasarlanan ve\u00a0<em>\u0130stanbul Shipyard\u00a0<\/em>taraf\u0131ndan in\u015fas\u0131 tamamlanan Denizalt\u0131 Kurtarma\u00a0 Ana gemisi A-582 TCG ALEMDAR 28 Ocak 2017 tarihinde\u00a0ger\u00e7ekle\u015ftirilen t\u00f6renle T\u00fcrk Deniz Kuvvetlerine teslim edildi.[\/vc_column_text][\/vc_column][\/vc_row]<\/p>\n","protected":false},"excerpt":{"rendered":"<p>[vc_row][vc_column][vc_single_image image=&#8221;2035&#8243; img_size=&#8221;full&#8221; alignment=&#8221;center&#8221; style=&#8221;vc_box_shadow_3d&#8221;][vc_empty_space height=&#8221;20px&#8221;][\/vc_column][\/vc_row][vc_row][vc_column width=&#8221;1\/2&#8243;][vc_column_text]TAYFUN BOZO\u011eLU &#8211; Executive Committee Member Mob: +90 533 275 2288 E-Mail:\u00a0 tayfun.bozoglu@snr-holding.com\u00a0\u00a0 E-Mail:\u00a0tayfunb@snr-holding.com\u00a0 [\/vc_column_text][\/vc_column][\/vc_row][vc_row][vc_column][vc_empty_space height=&#8221;80px&#8221;][\/vc_column][\/vc_row][vc_row][vc_column][\/vc_column][\/vc_row][vc_row][vc_column width=&#8221;1\/4&#8243;][vc_single_image image=&#8221;1556&#8243; img_size=&#8221;275&#215;175&#8243;&hellip;<\/p>\n","protected":false},"author":1,"featured_media":0,"parent":0,"menu_order":0,"comment_status":"closed","ping_status":"closed","template":"","meta":[],"translation":{"provider":"WPGlobus","version":"2.10.4","language":"tr","enabled_languages":["gb","tr"],"languages":{"gb":{"title":true,"content":true,"excerpt":false},"tr":{"title":true,"content":true,"excerpt":false}}},"_links":{"self":[{"href":"https:\/\/www.snr.com.tr\/tr\/wp-json\/wp\/v2\/pages\/2022"}],"collection":[{"href":"https:\/\/www.snr.com.tr\/tr\/wp-json\/wp\/v2\/pages"}],"about":[{"href":"https:\/\/www.snr.com.tr\/tr\/wp-json\/wp\/v2\/types\/page"}],"author":[{"embeddable":true,"href":"https:\/\/www.snr.com.tr\/tr\/wp-json\/wp\/v2\/users\/1"}],"replies":[{"embeddable":true,"href":"https:\/\/www.snr.com.tr\/tr\/wp-json\/wp\/v2\/comments?post=2022"}],"version-history":[{"count":18,"href":"https:\/\/www.snr.com.tr\/tr\/wp-json\/wp\/v2\/pages\/2022\/revisions"}],"predecessor-version":[{"id":2112,"href":"https:\/\/www.snr.com.tr\/tr\/wp-json\/wp\/v2\/pages\/2022\/revisions\/2112"}],"wp:attachment":[{"href":"https:\/\/www.snr.com.tr\/tr\/wp-json\/wp\/v2\/media?parent=2022"}],"curies":[{"name":"wp","href":"https:\/\/api.w.org\/{rel}","templated":true}]}}