{"id":770,"date":"2018-04-16T20:46:00","date_gmt":"2018-04-16T17:46:00","guid":{"rendered":"http:\/\/snr.com.tr\/demo\/?page_id=770"},"modified":"2019-11-25T09:57:53","modified_gmt":"2019-11-25T06:57:53","slug":"sener-petrol-denizcilik-ticaret-a-s","status":"publish","type":"page","link":"https:\/\/www.snr.com.tr\/tr\/sener-petrol-denizcilik-ticaret-a-s\/","title":{"rendered":"\u015eener Petrol Denizcilik Tic A.\u015e."},"content":{"rendered":"<p>[vc_row][vc_column]<div class=\"container \">[vc_empty_space height=&#8221;20px&#8221;][vc_column_text][\/vc_column_text]<\/div>[\/vc_column][\/vc_row][vc_row][vc_column width=&#8221;1\/4&#8243;][vc_single_image image=&#8221;1064&#8243; img_size=&#8221;full&#8221; style=&#8221;vc_box_shadow_3d&#8221; onclick=&#8221;custom_link&#8221; link=&#8221;http:\/\/snr.com.tr\/sener-petrol-denizcilik-ticaret-a-s-hakkinda\/&#8221;][vc_btn title=&#8221;TEAM&#8221; style=&#8221;outline-custom&#8221; outline_custom_color=&#8221;#919191&#8243; outline_custom_hover_background=&#8221;#dd3333&#8243; outline_custom_hover_text=&#8221;#ffffff&#8221; size=&#8221;lg&#8221; align=&#8221;center&#8221; i_align=&#8221;right&#8221; i_icon_fontawesome=&#8221;fa fa-sign-in&#8221; button_block=&#8221;true&#8221; add_icon=&#8221;true&#8221; custom_onclick=&#8221;true&#8221; link=&#8221;url:http%3A%2F%2Fsnr.com.tr%2Fgb%2Fekibimiz-key-personnel%2F|||&#8221; custom_onclick_code=&#8221;\u015e\u015e&#8221;][\/vc_column][vc_column width=&#8221;1\/4&#8243;][vc_single_image image=&#8221;946&#8243; img_size=&#8221;&#8221; add_caption=&#8221;yes&#8221; style=&#8221;vc_box_shadow_3d&#8221; onclick=&#8221;custom_link&#8221; css_animation=&#8221;none&#8221; link=&#8221;http:\/\/snr.com.tr\/sirket-politikalari\/&#8221;][vc_btn title=&#8221;COMPANY POLICIES&#8221; style=&#8221;outline-custom&#8221; outline_custom_color=&#8221;#919191&#8243; outline_custom_hover_background=&#8221;#dd3333&#8243; outline_custom_hover_text=&#8221;#ffffff&#8221; size=&#8221;lg&#8221; align=&#8221;center&#8221; i_align=&#8221;right&#8221; i_icon_fontawesome=&#8221;fa fa-sign-in&#8221; button_block=&#8221;true&#8221; add_icon=&#8221;true&#8221; custom_onclick=&#8221;true&#8221; link=&#8221;url:http%3A%2F%2Fsnr.com.tr%2Fgb%2Fsirket-politikalari%2F|||&#8221; custom_onclick_code=&#8221;\u015e\u015e&#8221;][\/vc_column][vc_column width=&#8221;1\/4&#8243;][vc_single_image image=&#8221;937&#8243; img_size=&#8221;full&#8221; style=&#8221;vc_box_shadow_3d&#8221; onclick=&#8221;custom_link&#8221; link=&#8221;http:\/\/snr.com.tr\/egitim\/&#8221; el_class=&#8221;dddd&#8221;][vc_btn title=&#8221;CREW TRAININGS&#8221; style=&#8221;outline-custom&#8221; outline_custom_color=&#8221;#919191&#8243; outline_custom_hover_background=&#8221;#dd3333&#8243; outline_custom_hover_text=&#8221;#ffffff&#8221; size=&#8221;lg&#8221; align=&#8221;center&#8221; i_align=&#8221;right&#8221; i_icon_fontawesome=&#8221;fa fa-sign-in&#8221; button_block=&#8221;true&#8221; add_icon=&#8221;true&#8221; custom_onclick=&#8221;true&#8221; link=&#8221;url:http%3A%2F%2Fsnr.com.tr%2Fgb%2Fegitim%2F|||&#8221; custom_onclick_code=&#8221;\u015e\u015e&#8221;][\/vc_column][vc_column width=&#8221;1\/4&#8243;][vc_single_image image=&#8221;1032&#8243; img_size=&#8221;full&#8221; style=&#8221;vc_box_shadow_3d&#8221; onclick=&#8221;custom_link&#8221; link=&#8221;http:\/\/snr.com.tr\/ik\/&#8221;][vc_btn title=&#8221;HUMAN RESOURCES&#8221; style=&#8221;outline-custom&#8221; outline_custom_color=&#8221;#919191&#8243; outline_custom_hover_background=&#8221;#dd3333&#8243; outline_custom_hover_text=&#8221;#ffffff&#8221; size=&#8221;lg&#8221; align=&#8221;center&#8221; i_align=&#8221;right&#8221; i_icon_fontawesome=&#8221;fa fa-sign-in&#8221; button_block=&#8221;true&#8221; add_icon=&#8221;true&#8221; custom_onclick=&#8221;true&#8221; link=&#8221;url:http%3A%2F%2Fsnr.com.tr%2Fgb%2Fik%2F|||&#8221; custom_onclick_code=&#8221;\u015e\u015e&#8221;][\/vc_column][\/vc_row][vc_row][vc_column][vc_empty_space height=&#8221;100px&#8221;][\/vc_column][vc_column][vc_empty_space height=&#8221;40px&#8221;][\/vc_column][\/vc_row][vc_row][vc_column]<div id=\"faq\"><div class=\"faq_box\"><ul class=\"items\"><li><a href=\"#\">Health and Safety Protection Policy<\/a><ul class=\"sub-items\"><li><\/p>\n<p style=\"text-align: justify;\"><strong>Health and Safety Protection Policy<\/strong><\/p>\n<p>\u015eener Petrol Denizcilik Ticaret A.\u015e., its Directors and Senior Management are fully committed to ensuring the health and safety of all crew members and staff on board its vessels and in its offices, contracted personnel and any other persons who are directly or indirectly linked with its business and operations.<\/p>\n<p>\u015eener Petrol Denizcilik Ticaret A.\u015e. is committed to conducting its business with integrity and in accordance with all international, national and local laws and other requirements to which its business activities are subject.<\/p>\n<p>\u015eener Petrol Denizcilik Ticaret A.\u015e. will ensure that the concept of safe operations is conveyed and understood by all employees and that safe working practices are fully implemented on board all its ships.<\/p>\n<p>The Company System complies with the requirements of OHSAS18001 \u2018Occupational Health and Safety Management System\u2019<\/p>\n<p>\u015eener Petrol Denizcilik Ticaret A.\u015e. aims to achieve the following objectives, through implementation of our Health and Safety Protection Policy in line with our OHSAS 18001 Certification:<\/p>\n<ul>\n<li><strong>Safety at sea\u00a0<\/strong><\/li>\n<li><strong>\u00a0Injury, occupational diseases and human loss prevention<\/strong><\/li>\n<li><strong>\u00a0Prevention of damage to property (vessel and cargo) \/<\/strong><\/li>\n<\/ul>\n<p>Relevant procedures and operational instructions are included in the Safety Management System (SMS) that \u015eener Petrol Denizcilik Ticaret A.\u015e. implements, maintains and monitors.<\/p>\n<p><strong>\u015eENER PETROL DEN\u0130ZC\u0130L\u0130K T\u0130CARET A.\u015e<\/strong><\/li><\/ul><\/li><li><a href=\"#\">Environmental Protection Policy<\/a><ul class=\"sub-items\"><li><strong><em>Environmental Protection Policy<\/em><\/strong><\/p>\n<p>\u015eener Petrol Denizcilik Ticaret A.\u015e. and its Senior Management are fully committed to a ZERO TOLERANCE policy ensuring that the waters on which its ships operate are protected from pollution and continuously strive to identify and correct any conditions perceived to be unsafe and hazardous to the environment.<\/p>\n<p>\u015eener Petrol Denizcilik Ticaret A.\u015e. is committed to conducting its business with integrity and in accordance with all international, national and local laws and other requirements to which its business activities are subject.<\/p>\n<p>Company defines the term of \u2018Pollution\u2019 as ;\u00a0<strong><u>T<\/u><\/strong><strong><u>he violation of international and domestic environmental rules and regulations limitations<\/u><\/strong><\/p>\n<p>Pollution of the environment by a ship can be caused in a number of ways both as a result of system failure and of human error. \u015eener Petrol Denizcilik Ticaret A.\u015e. is committed to preventing both sources of error through a planned maintenance program and a program of education and training of staff, and through implementation of a set of procedures in accordance with its Safety Management System.<\/p>\n<p>The objective of the Company is to prevent pollution of the environment from the following sources related to the aspects of its operations:<\/p>\n<ul>\n<li><strong>Oil\u00a0<\/strong><\/li>\n<li><strong>Noxious Liquid Substances\u00a0<\/strong><\/li>\n<li><strong>Sewage<\/strong><\/li>\n<li><strong>Garbage<\/strong><\/li>\n<li><strong>Dangerous Goods\u00a0<\/strong><\/li>\n<li><strong>Ballast Water\u00a0<\/strong><\/li>\n<li><strong>Cargo Vapour and Engine Emissions\u00a0<\/strong><\/li>\n<li><strong>Halons and CFCs\u00a0<\/strong><\/li>\n<li><strong>Noise\u00a0<\/strong><\/li>\n<li><strong>Anti-Fouling Paints.\u00a0<\/strong><\/li>\n<\/ul>\n<p>\u015eener Petrol Denizcilik Ticaret A.\u015e. shall achieve this objective by maintaining, implementing, and monitoring relevant SMS procedures and operational instructions.<\/p>\n<p><strong>\u015eENER PETROL DEN\u0130ZC\u0130L\u0130K T\u0130CARET A.\u015e.<\/strong><\/li><\/ul><\/li><li><a href=\"#\">Quality Policy<\/a><ul class=\"sub-items\"><li><strong>Quality Policy<\/strong><\/p>\n<p><em>It is the Policy of\u00a0<\/em><em>\u015eener Petrol Denizcilik Ticaret<\/em><em>\u00a0A.\u015e.\u00a0<\/em><em>\u00a0<\/em><em>to provide quality and professional ship management services to Ship-owners and Charterers, in order to gain the confidence of its clients, seafarers and the marine industry in general, and to be recognized as a trustworthy and dependable ship management Company.<\/em><\/p>\n<p>The Company adopts a proactive approach concerning needs of its clients and is responsive to their comments, requests, suggestions or complaints, trying always to improve the value of its service.\u00a0The Company sets measurable and meaningful quality objectives, follows and reviews them for ensuring continuous improvement.<\/p>\n<p>It is required from all Company employees to know and understand this Policy.<\/p>\n<p><strong>\u015eENER PETROL DEN\u0130ZC\u0130L\u0130K T\u0130CARET A.\u015e.<\/strong><\/li><\/ul><\/li><\/ul><\/div><\/div>[vc_empty_space height=&#8221;80px&#8221;][\/vc_column][\/vc_row][vc_row][vc_column width=&#8221;1\/2&#8243;][vc_single_image image=&#8221;882&#8243; img_size=&#8221;450&#215;450&#8243; alignment=&#8221;center&#8221; style=&#8221;vc_box_shadow_3d&#8221;][\/vc_column][vc_column width=&#8221;1\/2&#8243;][vc_column_text]<\/p>\n<h3 style=\"text-align: center;\"><strong><em>\u015eener Petrol Denizcilik ve Ticaret A.\u015e. established by\u00a0<\/em><em>Niyazi \u015eener in 1979.<\/em><\/strong><\/h3>\n<p>Company started into marine business in 1984 with its first bunker barge 100 dwt FIRTINA-5 together with attendance of Niyazi \u015eENER\u2019s sons Ertan \u015eENER and Ercan \u015eENER.<\/p>\n<p>Company expanded its share in bunker market by purchasing 4 bunker barges (between 50 and 400 dwt) between 1984 and 1987. Company started its petroleum shipments in spot market by\u00a0 changing name of 1650 dwt LPG tanker named AYGAZ 2 to SELAY-5 in 1991. \u015eener Petrol Denizcilik ve Ticaret A.\u015e. ordered its first new building vessel 2850 dwt M\/T ERMAN S to \u00c7i\u00e7ek Shipyard located at Tuzla, \u0130stanbul in 1997 and delivered on October 1999. The group expanded and obtained a modern structure by gathering of subsidiary companies within SNR HOLDING in 2005.[\/vc_column_text][\/vc_column][\/vc_row][vc_row][vc_column][vc_empty_space height=&#8221;10px&#8221;][\/vc_column][\/vc_row][vc_row css=&#8221;.vc_custom_1525850652668{background-color: #ffffff !important;}&#8221;][vc_column]<div class=\"heading text-left\"><div class=\"heading_border bg_red\"><\/div><h2>SNR <span class=\"color_red\">HOLDING<\/span><\/h2><\/div>[vc_row_inner][vc_column_inner width=&#8221;1\/4&#8243;][vc_single_image image=&#8221;1556&#8243; img_size=&#8221;full&#8221; style=&#8221;vc_box_shadow_3d&#8221;][vc_column_text]A-583 TCG ISIN\u00a0designed by<em>\u00a0SEFT Gemi Dizayn\u00a0<\/em>and\u00a0build by\u00a0<em>\u0130stanbul Shipyard\u00a0<\/em>on 22 july 2017.[\/vc_column_text][\/vc_column_inner][vc_column_inner width=&#8221;1\/4&#8243;][vc_single_image image=&#8221;1554&#8243; img_size=&#8221;full&#8221; style=&#8221;vc_box_shadow_3d&#8221;][vc_column_text]MTA ORUC REIS\u00a0designed by<em>\u00a0SEFT Gemi Dizayn\u00a0<\/em>and\u00a0build by\u00a0<em>\u0130stanbul Shipyard\u00a0<\/em>on 22 july 2017.<\/p>\n<div class=\"text_exposed_show\"><\/div>\n<p>[\/vc_column_text][\/vc_column_inner][vc_column_inner width=&#8221;1\/4&#8243;][vc_single_image image=&#8221;1560&#8243; img_size=&#8221;full&#8221; style=&#8221;vc_box_shadow_3d&#8221;][vc_column_text]A-584 TCG AKIN\u00a0designed by<em>\u00a0SEFT Gemi Dizayn\u00a0<\/em>and\u00a0build by\u00a0<em>\u0130stanbul Shipyard\u00a0<\/em>on 29 december 2017.[\/vc_column_text][\/vc_column_inner][vc_column_inner width=&#8221;1\/4&#8243;][vc_single_image image=&#8221;1563&#8243; img_size=&#8221;full&#8221; style=&#8221;vc_box_shadow_3d&#8221;][vc_column_text]A-582 TCG ALEMDAR\u00a0designed by<em>SEFT Gemi Dizayn\u00a0<\/em>and\u00a0build by\u00a0<em>\u0130stanbul Shipyard\u00a0<\/em>on 28 january 2017.[\/vc_column_text][\/vc_column_inner][\/vc_row_inner][\/vc_column][\/vc_row][vc_row][vc_column][vc_empty_space][\/vc_column][\/vc_row][vc_row][vc_column][vc_btn title=&#8221;Main Page&#8221; style=&#8221;outline-custom&#8221; outline_custom_color=&#8221;#666666&#8243; outline_custom_hover_background=&#8221;#dd1a1a&#8221; outline_custom_hover_text=&#8221;#ffffff&#8221; align=&#8221;center&#8221; i_icon_fontawesome=&#8221;fa fa-arrow-left&#8221; add_icon=&#8221;true&#8221; link=&#8221;url:http%3A%2F%2Fsnr.com.tr%2Fgb%2F|||&#8221;][\/vc_column][\/vc_row]<\/p>\n","protected":false},"excerpt":{"rendered":"<p>[vc_row][vc_column][\/vc_column][\/vc_row][vc_row][vc_column width=&#8221;1\/4&#8243;][vc_single_image image=&#8221;1064&#8243; img_size=&#8221;full&#8221; style=&#8221;vc_box_shadow_3d&#8221; onclick=&#8221;custom_link&#8221; link=&#8221;http:\/\/snr.com.tr\/sener-petrol-denizcilik-ticaret-a-s-hakkinda\/&#8221;][vc_btn title=&#8221;TEAM&#8221; style=&#8221;outline-custom&#8221; outline_custom_color=&#8221;#919191&#8243; outline_custom_hover_background=&#8221;#dd3333&#8243; outline_custom_hover_text=&#8221;#ffffff&#8221; size=&#8221;lg&#8221; align=&#8221;center&#8221; i_align=&#8221;right&#8221; i_icon_fontawesome=&#8221;fa fa-sign-in&#8221; button_block=&#8221;true&#8221; add_icon=&#8221;true&#8221; custom_onclick=&#8221;true&#8221; link=&#8221;url:http%3A%2F%2Fsnr.com.tr%2Fgb%2Fekibimiz-key-personnel%2F|||&#8221; custom_onclick_code=&#8221;\u015e\u015e&#8221;][\/vc_column][vc_column width=&#8221;1\/4&#8243;][vc_single_image image=&#8221;946&#8243; img_size=&#8221;&#8221;&hellip;<\/p>\n","protected":false},"author":1,"featured_media":0,"parent":0,"menu_order":0,"comment_status":"closed","ping_status":"closed","template":"","meta":[],"translation":{"provider":"WPGlobus","version":"2.10.4","language":"tr","enabled_languages":["gb","tr"],"languages":{"gb":{"title":true,"content":true,"excerpt":false},"tr":{"title":false,"content":false,"excerpt":false}}},"_links":{"self":[{"href":"https:\/\/www.snr.com.tr\/tr\/wp-json\/wp\/v2\/pages\/770"}],"collection":[{"href":"https:\/\/www.snr.com.tr\/tr\/wp-json\/wp\/v2\/pages"}],"about":[{"href":"https:\/\/www.snr.com.tr\/tr\/wp-json\/wp\/v2\/types\/page"}],"author":[{"embeddable":true,"href":"https:\/\/www.snr.com.tr\/tr\/wp-json\/wp\/v2\/users\/1"}],"replies":[{"embeddable":true,"href":"https:\/\/www.snr.com.tr\/tr\/wp-json\/wp\/v2\/comments?post=770"}],"version-history":[{"count":101,"href":"https:\/\/www.snr.com.tr\/tr\/wp-json\/wp\/v2\/pages\/770\/revisions"}],"predecessor-version":[{"id":2194,"href":"https:\/\/www.snr.com.tr\/tr\/wp-json\/wp\/v2\/pages\/770\/revisions\/2194"}],"wp:attachment":[{"href":"https:\/\/www.snr.com.tr\/tr\/wp-json\/wp\/v2\/media?parent=770"}],"curies":[{"name":"wp","href":"https:\/\/api.w.org\/{rel}","templated":true}]}}