{"id":802,"date":"2018-04-16T23:46:21","date_gmt":"2018-04-16T20:46:21","guid":{"rendered":"http:\/\/snr.com.tr\/demo\/?page_id=802"},"modified":"2019-08-23T13:49:56","modified_gmt":"2019-08-23T10:49:56","slug":"istanbul-tersanesi","status":"publish","type":"page","link":"https:\/\/www.snr.com.tr\/tr\/istanbul-tersanesi\/","title":{"rendered":"\u0130stanbul Tersanesi"},"content":{"rendered":"<p>[vc_row][vc_column][vc_single_image image=&#8221;1518&#8243; img_size=&#8221;full&#8221; alignment=&#8221;center&#8221; style=&#8221;vc_box_shadow_3d&#8221;]<div class=\"heading text-left\"><div class=\"heading_border bg_red\"><\/div><h2>Istanbul <span class=\"color_red\">Sh\u0131pyard<\/span><\/h2><\/div>[\/vc_column][\/vc_row][vc_row][vc_column][vc_column_text]<strong>Istanbul Shipyard<\/strong> is an outstanding and pioneering shipyard of the Turkish Shipbuilding Industry with its corporate identity and modernized infrastructure facilities which produces unique and national\/international projects with international qualities and standards by means of research and development studies with all recent technological abilities.\u00a0Our primary mission is protecting the environment and providing an accident-free work field. In this context, forming multi-disciplinary structure under the national and international laws and conventions with EN ISO 9001, EN ISO 14001, OHSAS 18001, NATO and National Defence Facility Security certificates and at the same time working under appropriate European Union norms.[\/vc_column_text]<div class=\"heading text-left\"><div class=\"heading_border bg_red\"><\/div><h2> <span class=\"color_red\">HIstory<\/span><\/h2><\/div>[vc_column_text]<\/p>\n<p class=\"style-2\"><b>2003<\/b><br \/>\nOur shipyard was founded in 1980 took the name Istanbul Shipyard upon completion of a big infrastructure investment thrust as a result of the acquisition by SNR Holding in August 2003.<\/p>\n<p class=\"style-2\"><b>2004<\/b><br \/>\nAlthough the activities were limited with docking and building new small vessels, the first stage of the modernization and infrastructure works were completed towards becoming a boutique shipyard.<\/p>\n<p class=\"style-2\"><b>2005<\/b><br \/>\nFloating dock with a lifting capacity of 4.200 tons and length of 96 m was put into service. Today, with its dock and landing, this floating dock has a capacity to provide overhauling, maintenance and docking services for any type of vessels up to 150 m. In addition, \u201cNB10, 5850 DWT, IMO II Chemical Tanker&#8221; was delivered in 2005.<\/p>\n<p class=\"style-2\"><b>2006<\/b><br \/>\nSteel production capacity of our shipyard was increased to 11.800 tons per year after opening its own steel factory with an enclosed area of 3.600 m2 and total area of 8.000 m2. In addition, \u201cNB11 and NB12, 10500 DWT, IMO II Chemical Tankers&#8221; were delivered in 2006.<\/p>\n<p class=\"style-2\"><b>2007<\/b><br \/>\nOur shipyard took a strategic decision and focused on military project in 2007 that was a prosperous period for the new commercial vessel building sector. Our Shipyard was awarded with the Project on Modernization of SAR-35 Boats that are in the inventory of the Coast Guard Commandership upon completion of the infrastructure investments and certification procedures such as Plant Safety Control Certificates at National and NATO level. In addition, \u201cNB13 10500 DWT, NB15 5850 DWT, IMO II Chemical Tankers\u201d were delivered in 2007.<\/p>\n<p class=\"style-2\"><b>2008<\/b><br \/>\nIt is a period our shipyard focused on different types of special projects in addition to the on-going projects. Our Shipyard that entered into off-shore vessels market delivered ROV Research Vessels to their Norwegian owner within the same year. In addition, &#8220;NB14 and NB16 5700 DWT Stainless Steel IMO II Chemical Tankers and NB18 6400 DWT IMO II Chemical Tanker&#8221; were delivered.<\/p>\n<p class=\"style-2\"><b>2009<\/b><br \/>\nModernized SAR35 Boats were delivered upon achieving a performance profile beyond the targets specified in the contract. In addition to &#8220;NB19 and NB21 6400 DWT, IMO II Chemical Tankers&#8221;, ROV Research Vessels were delivered to their Norwegian owner.<\/p>\n<p class=\"style-2\"><b>2010<\/b><br \/>\nOn January, a contract was signed for SNR17 Romania Border Police River Station Boats that have a unique design developed by us. 5 boats and &#8220;NB22 6400 DWT, IMO II Chemical Tanker&#8221; were delivered in 2010, our Shipyard acted in the capacity of &#8220;Contractor&#8221; in the Project for one Submarine Rescue Mother Ship and two Rescue and Towing Vessels upon completion of the tendering process by SSM on June.<\/p>\n<p class=\"style-2\"><b>2011<\/b><br \/>\nOur Shipyard won the tender for building a Seismic Research Vessel for the General Directorate of Mineral Research and Exploration (MTA) on June 2011. On 28 October 2011, an agreement was signed between SSM and Istanbul Shipyard for building one Submarine Rescue Mother Vessel (MOSHIP) and two Rescue and Towing Vessels (KURYED). R&amp;D studies were commenced in collaboration with MILPER Company within the scope of the MOSHIP and KURYED agreements Technology Acquisition Liability Projects.<\/p>\n<p class=\"style-2\"><b>2012<\/b><br \/>\nOur Shipyard signed an agreement for building MTA Seismic Research Vessel on April 2012. The shipyard relocated the administrative personnel to a new building in order to improve the work conditions and due to the increased number of projects and personnel. Tendering activities were initiated for the modernization project for SAR-33 boats that are in the inventory of Coastal Safety Commandership.<\/p>\n<p class=\"style-2\"><b>2013<\/b><br \/>\nIn January 2013, SSM and our Shipyard signed a modernization agreement for SAR-33 Boats.<\/p>\n<p class=\"style-2\"><b>2014<\/b><br \/>\nAs the building and modernization works continued within the scope of the project implemented in collaboration with the Ministry of Defence and Industry, our Shipyard added a second floating dock in order to increase its floating dock capacity as a part of the infrastructure development works. MOSHIP (Alemdar) , KURYED-1 (Isin) and KURYED-2 (Ak\u0131n) were launched on April, June and September, respectively. Temporary acceptance of TCSG-66 boat was made within the scope of the modernization of SAR-33 boats.<\/p>\n<p class=\"style-2\"><b>2015<\/b><br \/>\nMTA Seismic Research Vessel (MTA ORU\u00c7 RE\u0130S) was launched in March 2015. Provisional acceptance of Turkish Coast Guard Command boats hull number TCSG-61, TCSG-64, TCSG-65 and TCSG-70 have been made within the scope of the modernization of SAR-33 boats project.<br \/>\nTurkish Coast Guard Command boat hull number TCSG-66 has been taken to the shipyard within the scope of final acceptance operations after completion of the one year warranty period.<\/p>\n<p class=\"style-2\"><b>2016<\/b><br \/>\nTurkish Coast Guard Command boats TCSG-61, TCSG-64, TCSG-65 and TCSG-70 have been taken to the shipyard within the scope of final acceptance operations after completion of the one year warranty period.<br \/>\nAfter the successfully completion of their final inspections; TCSG-61, TCSG-64, TCSG-65, TCSG-66 and TCSG-70, have been delivered to Turkish Coast Guard Command after their final acceptance.<br \/>\nInstallation Tests, Setting To Work, System Interface Tests and Harbor Acceptance Tests of MOSHIP (ALEMDAR), RATSHIP-1 (I\u015eIN) and MTA Seismic Research Vessel (MTA ORU\u00c7 RE\u0130S) have been successfully completed.<br \/>\nInstallation Tests, Setting To Work and System Interface Tests of RATSHIP-2 (AKIN) have been completed. Harbor Acceptance Tests have been continued.<br \/>\nSea Acceptance Tests of RATSHIP-1 (I\u015eIN) have been continued.<br \/>\nSea Acceptance Tests of MOSHIP (ALEMDAR) have been continued.<\/p>\n<p class=\"style-2\"><b>2017<\/b><br \/>\nTCG ALEMDAR (A-582) (MOSHIP) has been delivered to Turkish Navy in January, within the scope of her provisional acceptance.<br \/>\nSeismic Research Vessel (MTA ORU\u00c7 RE\u0130S) has been delivered to General Directorate of Mineral Research and Exploration in June, within the scope of her provisional acceptance.<br \/>\nTCG I\u015eIN (A-583) (RATSHIP) has been delivered to Turkish Navy in July, within the scope of her provisional acceptance.<br \/>\nTCG AKIN (A-584) (RATSHIP) has been delivered to Turkish Navy in December, within the scope of her provisional acceptance.<br \/>\nThe agreement contract of Test and Training Ship Project which is the tender process completed by SSM (Undersecretariat for Defense Industries), has been signed between our shipyard and STM (STM Defense Technologies Engineering and Trade Inc.).<\/p>\n<p>[\/vc_column_text][\/vc_column][\/vc_row][vc_row][vc_column width=&#8221;1\/2&#8243;][vc_btn title=&#8221;Main Page&#8221; style=&#8221;outline-custom&#8221; outline_custom_color=&#8221;#666666&#8243; outline_custom_hover_background=&#8221;#dd1f1f&#8221; outline_custom_hover_text=&#8221;#ffffff&#8221; align=&#8221;center&#8221; i_icon_fontawesome=&#8221;fa fa-arrow-left&#8221; add_icon=&#8221;true&#8221; link=&#8221;url:http%3A%2F%2Fsnr.com.tr%2Fgb%2F|||&#8221;][\/vc_column][vc_column width=&#8221;1\/2&#8243;][vc_btn title=&#8221;Istanbul Shipyard&#8221; style=&#8221;outline-custom&#8221; outline_custom_color=&#8221;#666666&#8243; outline_custom_hover_background=&#8221;#dd1f1f&#8221; outline_custom_hover_text=&#8221;#ffffff&#8221; align=&#8221;center&#8221; i_align=&#8221;right&#8221; i_icon_fontawesome=&#8221;fa fa-sign-in&#8221; add_icon=&#8221;true&#8221; link=&#8221;url:http%3A%2F%2Fwww.istanbulshipyard.com|||&#8221;][\/vc_column][\/vc_row]<\/p>\n","protected":false},"excerpt":{"rendered":"<p>[vc_row][vc_column][vc_single_image image=&#8221;1518&#8243; img_size=&#8221;full&#8221; alignment=&#8221;center&#8221; style=&#8221;vc_box_shadow_3d&#8221;][\/vc_column][\/vc_row][vc_row][vc_column][vc_column_text]Istanbul Shipyard is an outstanding and pioneering shipyard of the Turkish Shipbuilding Industry with its corporate identity and modernized infrastructure facilities&hellip;<\/p>\n","protected":false},"author":1,"featured_media":0,"parent":0,"menu_order":0,"comment_status":"closed","ping_status":"closed","template":"","meta":[],"translation":{"provider":"WPGlobus","version":"2.10.4","language":"tr","enabled_languages":["gb","tr"],"languages":{"gb":{"title":true,"content":true,"excerpt":false},"tr":{"title":false,"content":false,"excerpt":false}}},"_links":{"self":[{"href":"https:\/\/www.snr.com.tr\/tr\/wp-json\/wp\/v2\/pages\/802"}],"collection":[{"href":"https:\/\/www.snr.com.tr\/tr\/wp-json\/wp\/v2\/pages"}],"about":[{"href":"https:\/\/www.snr.com.tr\/tr\/wp-json\/wp\/v2\/types\/page"}],"author":[{"embeddable":true,"href":"https:\/\/www.snr.com.tr\/tr\/wp-json\/wp\/v2\/users\/1"}],"replies":[{"embeddable":true,"href":"https:\/\/www.snr.com.tr\/tr\/wp-json\/wp\/v2\/comments?post=802"}],"version-history":[{"count":33,"href":"https:\/\/www.snr.com.tr\/tr\/wp-json\/wp\/v2\/pages\/802\/revisions"}],"predecessor-version":[{"id":2150,"href":"https:\/\/www.snr.com.tr\/tr\/wp-json\/wp\/v2\/pages\/802\/revisions\/2150"}],"wp:attachment":[{"href":"https:\/\/www.snr.com.tr\/tr\/wp-json\/wp\/v2\/media?parent=802"}],"curies":[{"name":"wp","href":"https:\/\/api.w.org\/{rel}","templated":true}]}}