{"id":814,"date":"2018-04-16T23:54:01","date_gmt":"2018-04-16T20:54:01","guid":{"rendered":"http:\/\/snr.com.tr\/demo\/?page_id=814"},"modified":"2018-05-13T17:17:40","modified_gmt":"2018-05-13T14:17:40","slug":"abs-pv-fabrikasi","status":"publish","type":"page","link":"https:\/\/www.snr.com.tr\/tr\/abs-pv-fabrikasi\/","title":{"rendered":"ABS PV Fabrikas\u0131"},"content":{"rendered":"<p>[vc_row][vc_column][vc_single_image image=&#8221;1585&#8243; img_size=&#8221;full&#8221;][vc_empty_space]<div class=\"heading text-left\"><div class=\"heading_border bg_red\"><\/div><h2>ABS <span class=\"color_red\">PV<\/span><\/h2><\/div>[vc_row_inner][vc_column_inner width=&#8221;1\/2&#8243;][vc_empty_space height=&#8221;20px&#8221;][vc_column_text]Y\u00fcksek h\u0131zl\u0131 bas\u0131n\u00e7 &amp; Vakum k\u0131r\u0131c\u0131 valflerin \u00fcretiminde t\u00fcm bile\u015fenler, s\u00fcre\u00e7 sonunda kalite kontrol ekibi taraf\u0131ndan en basit olarak \u00f6l\u00e7me ve kapasite de\u011ferlendirme testi olmak \u00fczere \u00e7e\u015fitli kalite kontrol \u00f6l\u00e7\u00fcmlerinden ve deneylerinden ge\u00e7tikten sonra bir sonraki s\u00fcrece g\u00f6nderilmektedir. B\u00f6ylece her bile\u015fen i\u00e7in izlenebilirlik sa\u011fland\u0131\u011f\u0131 gibi ayn\u0131 zamanda her s\u00fcre\u00e7 i\u00e7in kalite kontrol prosed\u00fcr\u00fcnde istatistik\u00ee veriler olu\u015fmaktad\u0131r.<\/p>\n<p>Bu nedenle her bir \u00fcr\u00fcn kalitesi sistem i\u00e7erisinde garanti edilmektedir. T\u00fcm tedarik\u00e7iler ISO-9001 belgeli olup malzeme testleri ve kalibrasyonlar akredite kurulu\u015flar taraf\u0131ndan ger\u00e7ekle\u015ftirilmektedir.[\/vc_column_text][\/vc_column_inner][vc_column_inner width=&#8221;1\/2&#8243;][vc_single_image image=&#8221;1511&#8243; img_size=&#8221;medium&#8221; alignment=&#8221;right&#8221;][\/vc_column_inner][\/vc_row_inner][\/vc_column][\/vc_row][vc_row][vc_column]<div id=\"faq\"><div class=\"faq_box\"><ul class=\"items\"><li><a href=\"#\">Kalite<\/a><ul class=\"sub-items\"><li>Y\u00fcksek h\u0131zl\u0131 bas\u0131n\u00e7 &amp; Vakum k\u0131r\u0131c\u0131 valflerin \u00fcretiminde t\u00fcm bile\u015fenler, s\u00fcre\u00e7 sonunda kalite kontrol ekibi taraf\u0131ndan en basit olarak \u00f6l\u00e7me ve kapasite de\u011ferlendirme testi olmak \u00fczere \u00e7e\u015fitli kalite kontrol \u00f6l\u00e7\u00fcmlerinden ve deneylerinden ge\u00e7tikten sonra bir sonraki s\u00fcrece g\u00f6nderilmektedir.<\/p>\n<p>B\u00f6ylece her bile\u015fen i\u00e7in izlenebilirlik sa\u011fland\u0131\u011f\u0131 gibi ayn\u0131 zamanda her s\u00fcre\u00e7 i\u00e7in kalite kontrol prosed\u00fcr\u00fcnde istatistik\u00ee veriler olu\u015fmaktad\u0131r.<\/p>\n<p>Bu nedenle her bir \u00fcr\u00fcn kalitesi sistem i\u00e7erisinde garanti edilmektedir. T\u00fcm tedarik\u00e7iler ISO-9001 belgeli olup malzeme testleri ve kalibrasyonlar akredite kurulu\u015flar taraf\u0131ndan ger\u00e7ekle\u015ftirilmektedir.<\/li><\/ul><\/li><li><a href=\"#\">Dizayn<\/a><ul class=\"sub-items\"><li>ABS PV valflerinin b\u00fct\u00fcn modelleri kapsaml\u0131 dizayn \u00e7al\u0131\u015fmalar\u0131n\u0131n ve pazar ara\u015ft\u0131rmalar\u0131n\u0131n sonucudur. Ula\u015f\u0131lm\u0131\u015f egemen PV valf dizaynlar\u0131n\u0131n ard\u0131nda ise 44 y\u0131ll\u0131k bir ge\u00e7mi\u015f yatar.<\/p>\n<p>Ar-Ge \u015fubesiyle birle\u015fmi\u015f olan dizayn departman\u0131, kalite ekibiyle birlikte \u00e7al\u0131\u015f\u0131r. Y\u00fcr\u00fcrl\u00fc\u011fe giren kurallar ve d\u00fczenlemeler ayr\u0131nt\u0131l\u0131 bir \u015fekilde incelenip gerekli d\u00fczeltme teklifleri yap\u0131l\u0131r. Ar-Ge \u015fubesi, \u00fcr\u00fcn geli\u015ftirme \u00e7al\u0131\u015fmalar\u0131 s\u0131ras\u0131nda, IMO ve ISO d\u00fczenlemeleri yan\u0131nda ilgili klas gereklerini de g\u00f6z \u00f6n\u00fcnde bulundurmaktad\u0131r.<\/p>\n<p>IMO &#8211; MSC\/Circ. 677\/1009 ve ISO 15364 y\u00f6netmeliklerine g\u00f6re imalat yapan firmam\u0131z\u0131n LR, BV, DNV, ABS, GL, NK, RINA, RMRS taraf\u0131ndan verilen \u00dcr\u00fcn Tip Onay Sertifikalar\u0131n\u0131n yan\u0131 s\u0131ra, LR (Lloyd&#8217;s Register) kurulu\u015fundan onaylanm\u0131\u015f ISO 9001:2008 Kalite Y\u00f6netim Sistemi, Module B ve Module D (Wheelmark \u0130\u015faretleme \/ CE) Sertifikalar\u0131 da bulunmaktad\u0131r.<\/p>\n<p>Gemi tipi ve ta\u015f\u0131nan kargonun \u00f6zelliklerine g\u00f6re valf housingleri ve i\u00e7 malzemeleri de\u011fi\u015fik kombinasyonlarda \u00fcretilir. Ayr\u0131ca malzeme ayr\u0131nt\u0131lar\u0131 \u00fcr\u00fcn\u00fcn teknik \u015fartnamesiyle birlikte sunulur. Bas\u0131n\u00e7 ve vakum kapasiteleri de gemi tipi ve ta\u015f\u0131nan kargonun \u00f6zelliklerine g\u00f6re de\u011fi\u015fiklik g\u00f6sterir. Bas\u0131n\u00e7 d\u00fc\u015fmesiyle ilgili b\u00fct\u00fcn hesaplamalar ve VECS dok\u00fcmantasyonu, ABS PV dizayn ve proje tak\u0131m\u0131 taraf\u0131ndan \u015firket i\u00e7inde haz\u0131rlan\u0131r. Her dizayn\u0131n g\u00fcvenilirli\u011fi lider kl\u00e2s kurulu\u015flar\u0131 taraf\u0131ndan onaylan\u0131r ve ABS bu dizaynlar i\u00e7in tip onay sertifikalar\u0131na sahiptir.<\/li><\/ul><\/li><li><a href=\"#\">\u00dcr\u00fcnlerimiz<\/a><ul class=\"sub-items\"><li><strong>ABS Y\u00fcksek H\u0131zl\u0131 Bas\u0131n\u00e7 &amp; Vakum K\u0131r\u0131c\u0131 Valfler<\/strong><\/p>\n<p>Otomatik tip Bas\u0131n\u00e7 &amp; Vakum k\u0131r\u0131c\u0131 valflerin g\u00f6revi Kargo tanklar\u0131n y\u00fckleme ve bo\u015faltma operasyonlar\u0131nda ve seyir s\u0131ras\u0131nda tank i\u00e7erisindeki bas\u0131n\u00e7 ve vakum etkilerinin manuel m\u00fcdahaleye gerek b\u0131rakmadan otomatik olarak kontrol\u00fcn\u00fc sa\u011flamakt\u0131r.<\/p>\n<p><strong>Gaz Tahliye Kapa\u011f\u0131<\/strong><\/p>\n<p>Gaz tahliye kapaklar\u0131, Kargo tanklar\u0131n onar\u0131m\u0131 yada gaz tahliye i\u015flemi s\u0131ras\u0131nda tanktan gaz kar\u0131\u015f\u0131mlar\u0131n\u0131n yada kargo buhar\u0131n\u0131n d\u00fczenli \u015fekilde tahliye edilmesini sa\u011flamak i\u00e7in tasarlanm\u0131\u015ft\u0131r.<\/p>\n<p><strong>Alev Tutucu<\/strong><\/p>\n<p>Alev tutucu eleman 800 C gibi y\u00fcksek s\u0131cakl\u0131klarda bile oksidasyona kar\u015f\u0131 dayan\u0131kl\u0131 bir malzemeden imal edilmektedir.<\/p>\n<p>S\u00fcrekli yanma ko\u015fullar\u0131nda ve hat i\u00e7i uygulamalarda kullan\u0131ma uygundur. Kullan\u0131ld\u0131\u011f\u0131 alanda muhtemel alevin, korumal\u0131 sahaya ge\u00e7i\u015fini engellerken gazlar\u0131n ge\u00e7i\u015fine izin vermektedir.<\/p>\n<p>0.8 mm s\u00f6nd\u00fcrme \u00e7ap\u0131 ile t\u00fcm gazlar i\u00e7in uygundur. S\u00f6nd\u00fcrme \u00e7ap\u0131 0,8mm olan yan\u0131c\u0131 gazlar i\u00e7in uygun de\u011fildir. Montaj s\u0131ras\u0131nda Muhtemel alev kayna\u011f\u0131 ile alev tutucu aras\u0131ndaki mesafe 1,9 metreden az olmamal\u0131d\u0131r.<\/p>\n<p><strong>PV Test Cihaz\u0131<\/strong><\/p>\n<p>Makine dairesindeki yada g\u00fcvertedeki servis havas\u0131, Test cihaz\u0131n\u0131n \u00e7al\u0131\u015fmas\u0131 i\u00e7in uygundur. Kullan\u0131lacak servis havas\u0131 kurutulmu\u015f ve nemden ar\u0131nd\u0131r\u0131lm\u0131\u015f olmal\u0131d\u0131r. Hava bu \u00f6zelliklere sahip de\u011filse, hava hatt\u0131 yeteri kadar dreyn edilmelidir.<\/li><\/ul><\/li><\/ul><\/div><\/div>[vc_empty_space height=&#8221;50px&#8221;][\/vc_column][\/vc_row][vc_row][vc_column][vc_btn title=&#8221;Ana Sayfa&#8221; style=&#8221;outline-custom&#8221; outline_custom_color=&#8221;#666666&#8243; outline_custom_hover_background=&#8221;#dd1313&#8243; outline_custom_hover_text=&#8221;#ffffff&#8221; align=&#8221;center&#8221; i_icon_fontawesome=&#8221;fa fa-arrow-left&#8221; add_icon=&#8221;true&#8221; link=&#8221;url:http%3A%2F%2Fsnr.com.tr|||&#8221;][\/vc_column][\/vc_row]<\/p>\n","protected":false},"excerpt":{"rendered":"<p>[vc_row][vc_column][vc_single_image image=&#8221;1585&#8243; img_size=&#8221;full&#8221;][vc_empty_space][vc_row_inner][vc_column_inner width=&#8221;1\/2&#8243;][vc_empty_space height=&#8221;20px&#8221;][vc_column_text]Y\u00fcksek h\u0131zl\u0131 bas\u0131n\u00e7 &amp; Vakum k\u0131r\u0131c\u0131 valflerin \u00fcretiminde t\u00fcm bile\u015fenler, s\u00fcre\u00e7 sonunda kalite kontrol ekibi taraf\u0131ndan en basit olarak \u00f6l\u00e7me ve&hellip;<\/p>\n","protected":false},"author":1,"featured_media":0,"parent":0,"menu_order":0,"comment_status":"closed","ping_status":"closed","template":"","meta":[],"translation":{"provider":"WPGlobus","version":"2.10.4","language":"tr","enabled_languages":["gb","tr"],"languages":{"gb":{"title":true,"content":true,"excerpt":false},"tr":{"title":false,"content":true,"excerpt":false}}},"_links":{"self":[{"href":"https:\/\/www.snr.com.tr\/tr\/wp-json\/wp\/v2\/pages\/814"}],"collection":[{"href":"https:\/\/www.snr.com.tr\/tr\/wp-json\/wp\/v2\/pages"}],"about":[{"href":"https:\/\/www.snr.com.tr\/tr\/wp-json\/wp\/v2\/types\/page"}],"author":[{"embeddable":true,"href":"https:\/\/www.snr.com.tr\/tr\/wp-json\/wp\/v2\/users\/1"}],"replies":[{"embeddable":true,"href":"https:\/\/www.snr.com.tr\/tr\/wp-json\/wp\/v2\/comments?post=814"}],"version-history":[{"count":9,"href":"https:\/\/www.snr.com.tr\/tr\/wp-json\/wp\/v2\/pages\/814\/revisions"}],"predecessor-version":[{"id":1749,"href":"https:\/\/www.snr.com.tr\/tr\/wp-json\/wp\/v2\/pages\/814\/revisions\/1749"}],"wp:attachment":[{"href":"https:\/\/www.snr.com.tr\/tr\/wp-json\/wp\/v2\/media?parent=814"}],"curies":[{"name":"wp","href":"https:\/\/api.w.org\/{rel}","templated":true}]}}