{"id":818,"date":"2018-04-16T23:57:42","date_gmt":"2018-04-16T20:57:42","guid":{"rendered":"http:\/\/snr.com.tr\/demo\/?page_id=818"},"modified":"2018-05-14T15:42:07","modified_gmt":"2018-05-14T12:42:07","slug":"abs-blok-imalat-fabrikasi","status":"publish","type":"page","link":"https:\/\/www.snr.com.tr\/tr\/abs-blok-imalat-fabrikasi\/","title":{"rendered":"ABS Blok \u0130malat Fabrikas\u0131"},"content":{"rendered":"<p>[vc_row][vc_column][vc_single_image image=&#8221;1877&#8243; img_size=&#8221;full&#8221; alignment=&#8221;center&#8221; style=&#8221;vc_box_shadow_3d&#8221;]<div class=\"heading text-left\"><div class=\"heading_border bg_red\"><\/div><h2>ABS  <span class=\"color_red\">Blok \u0130malat Fabrikas\u0131<\/span><\/h2><\/div>[\/vc_column][\/vc_row][vc_row][vc_column][vc_column_text]ABS Blok \u0130malat Fabrikas\u0131 y\u0131ll\u0131k 5000 ton \u00e7elik i\u015flem kapasitesine sahiptir.<\/p>\n<p>\u00dcretimin kaynak i\u015flemleri s\u0131ras\u0131nda kullan\u0131lmak \u00fczere 100 tane el kaynak makinesi, 65 tane gaz metal ark kayna\u011f\u0131<br \/>\nmakinesi ve 4 tane tozalt\u0131 ark kaynak makinesi bulunmaktad\u0131r.<\/p>\n<p>Fabrikadaki kald\u0131rma ve ta\u015f\u0131ma i\u015flemleri i\u00e7in 4 tane forklift, 2 tane mobil kreyn ve 4 tane 10 tonluk kreyn kullan\u0131lmaktad\u0131r.<br \/>\nGenel bir elektrik kesintisinde bile \u00fcretimin devam\u0131n\u0131 sa\u011flayacak bir jenerat\u00f6r ve bir tane de sabit yedek jenerat\u00f6r<br \/>\nbulunmaktad\u0131r. Fabrikada \u00fcretim genelde alty\u00fcklenicilerle yap\u0131lmaktad\u0131r. Fabrikan\u0131n 35 ki\u015filik s\u00fcrekli \u00e7al\u0131\u015fan kadrosu<br \/>\nbulunmaktad\u0131r ve tam kapasite \u00fcretim durumunda alty\u00fcklenicilerin toplam \u00e7al\u0131\u015fan say\u0131s\u0131 200 ki\u015fiye ula\u015fmaktad\u0131r.[\/vc_column_text][\/vc_column][\/vc_row][vc_row][vc_column]<div class=\"heading text-left\"><div class=\"heading_border bg_red\"><\/div><h2>SNR <span class=\"color_red\">HOLDING<\/span><\/h2><\/div>[vc_row_inner][vc_column_inner width=&#8221;1\/4&#8243;][vc_single_image image=&#8221;1551&#8243; img_size=&#8221;full&#8221; style=&#8221;vc_box_shadow_3d&#8221;][vc_column_text]<strong>A-583 TCG ISIN<\/strong>\u00a0designed by<em>\u00a0SEFT Gemi Dizayn\u00a0<\/em>and\u00a0build by\u00a0<em>\u0130stanbul Shipyard\u00a0<\/em>on 22 july 2017.[\/vc_column_text][\/vc_column_inner][vc_column_inner width=&#8221;1\/4&#8243;][vc_single_image image=&#8221;1554&#8243; img_size=&#8221;full&#8221; style=&#8221;vc_box_shadow_3d&#8221;][vc_column_text]<strong>MTA ORUC REIS<\/strong>\u00a0designed by<em>\u00a0SEFT Gemi Dizayn\u00a0<\/em>and\u00a0build by\u00a0<em>\u0130stanbul Shipyard\u00a0<\/em>on 22 july 2017.[\/vc_column_text][\/vc_column_inner][vc_column_inner width=&#8221;1\/4&#8243;][vc_single_image image=&#8221;1560&#8243; img_size=&#8221;full&#8221; style=&#8221;vc_box_shadow_3d&#8221;][vc_column_text]<strong>A-584 TCG AKIN<\/strong>\u00a0designed by<em>\u00a0SEFT Gemi Dizayn\u00a0<\/em>and\u00a0build by\u00a0<em>\u0130stanbul Shipyard\u00a0<\/em>on 29 december 2017.[\/vc_column_text][\/vc_column_inner][vc_column_inner width=&#8221;1\/4&#8243;][vc_single_image image=&#8221;1562&#8243; img_size=&#8221;250&#215;175&#8243; style=&#8221;vc_box_shadow_3d&#8221;][vc_column_text]<strong>A-582 TCG ALEMDAR<\/strong>\u00a0designed by<em>\u00a0SEFT Gemi Dizayn\u00a0<\/em>and\u00a0build by\u00a0<em>\u0130stanbul Shipyard\u00a0<\/em>on 28 january 2017.[\/vc_column_text][\/vc_column_inner][\/vc_row_inner][\/vc_column][\/vc_row][vc_row][vc_column][vc_empty_space height=&#8221;100px&#8221;][vc_btn title=&#8221;Ana Sayfa&#8221; style=&#8221;outline-custom&#8221; outline_custom_color=&#8221;#666666&#8243; outline_custom_hover_background=&#8221;#dd1313&#8243; outline_custom_hover_text=&#8221;#ffffff&#8221; align=&#8221;center&#8221; i_icon_fontawesome=&#8221;fa fa-arrow-left&#8221; add_icon=&#8221;true&#8221; link=&#8221;url:http%3A%2F%2Fsnr.com.tr%2F|||&#8221;][\/vc_column][\/vc_row]<\/p>\n","protected":false},"excerpt":{"rendered":"<p>[vc_row][vc_column][vc_single_image image=&#8221;1877&#8243; img_size=&#8221;full&#8221; alignment=&#8221;center&#8221; style=&#8221;vc_box_shadow_3d&#8221;][\/vc_column][\/vc_row][vc_row][vc_column][vc_column_text]ABS Blok \u0130malat Fabrikas\u0131 y\u0131ll\u0131k 5000 ton \u00e7elik i\u015flem kapasitesine sahiptir. \u00dcretimin kaynak i\u015flemleri s\u0131ras\u0131nda kullan\u0131lmak \u00fczere 100 tane el kaynak&hellip;<\/p>\n","protected":false},"author":1,"featured_media":0,"parent":0,"menu_order":0,"comment_status":"closed","ping_status":"closed","template":"","meta":[],"translation":{"provider":"WPGlobus","version":"2.10.4","language":"tr","enabled_languages":["gb","tr"],"languages":{"gb":{"title":true,"content":true,"excerpt":false},"tr":{"title":false,"content":true,"excerpt":false}}},"_links":{"self":[{"href":"https:\/\/www.snr.com.tr\/tr\/wp-json\/wp\/v2\/pages\/818"}],"collection":[{"href":"https:\/\/www.snr.com.tr\/tr\/wp-json\/wp\/v2\/pages"}],"about":[{"href":"https:\/\/www.snr.com.tr\/tr\/wp-json\/wp\/v2\/types\/page"}],"author":[{"embeddable":true,"href":"https:\/\/www.snr.com.tr\/tr\/wp-json\/wp\/v2\/users\/1"}],"replies":[{"embeddable":true,"href":"https:\/\/www.snr.com.tr\/tr\/wp-json\/wp\/v2\/comments?post=818"}],"version-history":[{"count":6,"href":"https:\/\/www.snr.com.tr\/tr\/wp-json\/wp\/v2\/pages\/818\/revisions"}],"predecessor-version":[{"id":1892,"href":"https:\/\/www.snr.com.tr\/tr\/wp-json\/wp\/v2\/pages\/818\/revisions\/1892"}],"wp:attachment":[{"href":"https:\/\/www.snr.com.tr\/tr\/wp-json\/wp\/v2\/media?parent=818"}],"curies":[{"name":"wp","href":"https:\/\/api.w.org\/{rel}","templated":true}]}}