{"id":824,"date":"2018-04-17T00:03:16","date_gmt":"2018-04-16T21:03:16","guid":{"rendered":"http:\/\/snr.com.tr\/demo\/?page_id=824"},"modified":"2018-05-15T10:25:26","modified_gmt":"2018-05-15T07:25:26","slug":"pasifik-sigorta-acenteligi","status":"publish","type":"page","link":"https:\/\/www.snr.com.tr\/tr\/pasifik-sigorta-acenteligi\/","title":{"rendered":"Pasifik Sigorta Acenteli\u011fi"},"content":{"rendered":"<p>[vc_row][vc_column][vc_single_image image=&#8221;825&#8243; img_size=&#8221;full&#8221;][vc_column_text]Pasifik Sigorta Acenteli\u011fi Ltd. \u015eti. 2000 y\u0131l\u0131nda \u0130stanbul Balat\u2019ta \u015eener Petrol Denizcilik Ticaret A. \u015e. b\u00fcnyesinde kurulmu\u015f olup, 2005 y\u0131l\u0131nda kurulan SNR Holding b\u00fcnyesinde faaliyet g\u00f6stermektedir. Bug\u00fcn itibariyle Anadolu Sigorta T\u00fcrk Anonim \u015eirketi&#8217;nin tam yetkili (A) acenteli\u011fini yapan Pasifik Sigorta Acenteli\u011fi Ltd. \u015eti., a\u011f\u0131rl\u0131kl\u0131 Tekne sigortalar\u0131, Tekne \u0130n\u015fa Sigortalar\u0131 ve Tersane Sigortalar\u0131n\u0131n yan\u0131 s\u0131ra Yang\u0131n, Kaza, M\u00fchendislik, Sa\u011fl\u0131k, Sorumluluk, Trafik, \u0130\u015fyeri, Konut, Ferdi Kaza, Avrupa ve D\u00fcnya seyahat sigortalar\u0131 ve daha bir\u00e7ok bran\u015fta m\u00fc\u015fterilerine en \u00e7a\u011fda\u015f y\u00f6ntemlerle sigorta ve acentelik hizmetlerini sunmaya devam etmektedir. \u015eirket kurucular\u0131ndan Atilla \u00c7\u0130FT\u00c7\u0130G\u00dcZEL\u0130 yakla\u015f\u0131k 37 y\u0131ll\u0131k sekt\u00f6r tecr\u00fcbesiyle denizcilik sekt\u00f6r\u00fcne en kaliteli hizmetleri sunman\u0131n yan\u0131 s\u0131ra, b\u00fcnyesinde \u00e7al\u0131\u015fan uzman personel kadrosuyla daha kurulu\u015funun ilk 5 y\u0131l\u0131nda yapm\u0131\u015f oldu\u011fu \u00fcst\u00fcn performans ve \u00fcretimiyle Anadolu Sigorta taraf\u0131ndan 2003, 2004 ve 2005 y\u0131llar\u0131nda T\u00fcrkiye genelinde Acenteler aras\u0131nda risk se\u00e7imi ve performans birincili\u011fi ve ikincili\u011fi ile \u00f6d\u00fcllendirilmi\u015ftir. Ayr\u0131ca kurulu\u015fundan bu yana, acenteler aras\u0131 performans s\u0131ralamas\u0131nda ilk s\u0131ralarda yer alarak \u00e7e\u015fitli \u00f6d\u00fcllere lay\u0131k g\u00f6r\u00fclm\u00fc\u015ft\u00fcr.<\/p>\n<p>FAAL\u0130YETLER\u0130M\u0130Z<\/p>\n<ul>\n<li>Denizcilik Sigortalar\u0131 (Tekne &amp; Makine, P&amp;I, Gemi \u0130n\u015fa Sigortas\u0131, Gemi Tamircileri Yasal Sorumluluk, \u00c7ekme Sigortas\u0131, Yat Sigortas\u0131, Emtea Nakliye Sigortas\u0131 Vb)<\/li>\n<li>Kasko<\/li>\n<li>Yang\u0131n<\/li>\n<li>Trafik<\/li>\n<li>DASK<\/li>\n<li>Sa\u011fl\u0131k<\/li>\n<li>\u0130\u015fyeri<\/li>\n<li>Konut<\/li>\n<li>Ferdi Kaza<\/li>\n<li>Sorumluluk Sigortalar\u0131 (3. \u015eah\u0131s Mali Sorumluluk, \u0130sveren Sorumluluk)<\/li>\n<li>Navlun, S\u00fcristarya ve Savunma Sigortas\u0131 (FD&amp;D)<\/li>\n<\/ul>\n<p>[\/vc_column_text][\/vc_column][\/vc_row][vc_row][vc_column][vc_empty_space][\/vc_column][\/vc_row][vc_row][vc_column][vc_btn title=&#8221;Ana Sayfa&#8221; style=&#8221;outline-custom&#8221; outline_custom_color=&#8221;#666666&#8243; outline_custom_hover_background=&#8221;#dd1818&#8243; outline_custom_hover_text=&#8221;#ffffff&#8221; align=&#8221;center&#8221; i_icon_fontawesome=&#8221;fa fa-arrow-left&#8221; add_icon=&#8221;true&#8221; link=&#8221;url:http%3A%2F%2Fsnr.com.tr|||&#8221;][\/vc_column][\/vc_row]<\/p>\n","protected":false},"excerpt":{"rendered":"<p>[vc_row][vc_column][vc_single_image image=&#8221;825&#8243; img_size=&#8221;full&#8221;][vc_column_text]Pasifik Sigorta Acenteli\u011fi Ltd. \u015eti. 2000 y\u0131l\u0131nda \u0130stanbul Balat\u2019ta \u015eener Petrol Denizcilik Ticaret A. \u015e. b\u00fcnyesinde kurulmu\u015f olup, 2005 y\u0131l\u0131nda kurulan SNR Holding&hellip;<\/p>\n","protected":false},"author":1,"featured_media":0,"parent":0,"menu_order":0,"comment_status":"closed","ping_status":"closed","template":"","meta":[],"translation":{"provider":"WPGlobus","version":"2.10.4","language":"tr","enabled_languages":["gb","tr"],"languages":{"gb":{"title":true,"content":true,"excerpt":false},"tr":{"title":false,"content":true,"excerpt":false}}},"_links":{"self":[{"href":"https:\/\/www.snr.com.tr\/tr\/wp-json\/wp\/v2\/pages\/824"}],"collection":[{"href":"https:\/\/www.snr.com.tr\/tr\/wp-json\/wp\/v2\/pages"}],"about":[{"href":"https:\/\/www.snr.com.tr\/tr\/wp-json\/wp\/v2\/types\/page"}],"author":[{"embeddable":true,"href":"https:\/\/www.snr.com.tr\/tr\/wp-json\/wp\/v2\/users\/1"}],"replies":[{"embeddable":true,"href":"https:\/\/www.snr.com.tr\/tr\/wp-json\/wp\/v2\/comments?post=824"}],"version-history":[{"count":7,"href":"https:\/\/www.snr.com.tr\/tr\/wp-json\/wp\/v2\/pages\/824\/revisions"}],"predecessor-version":[{"id":1905,"href":"https:\/\/www.snr.com.tr\/tr\/wp-json\/wp\/v2\/pages\/824\/revisions\/1905"}],"wp:attachment":[{"href":"https:\/\/www.snr.com.tr\/tr\/wp-json\/wp\/v2\/media?parent=824"}],"curies":[{"name":"wp","href":"https:\/\/api.w.org\/{rel}","templated":true}]}}