{"id":827,"date":"2018-04-17T00:03:49","date_gmt":"2018-04-16T21:03:49","guid":{"rendered":"http:\/\/snr.com.tr\/demo\/?page_id=827"},"modified":"2018-05-18T14:12:48","modified_gmt":"2018-05-18T11:12:48","slug":"altinboynuz-turizm-insaat-san-tic-a-s","status":"publish","type":"page","link":"https:\/\/www.snr.com.tr\/tr\/altinboynuz-turizm-insaat-san-tic-a-s\/","title":{"rendered":"Alt\u0131nboynuz Turizm \u0130n\u015faat SAN. T\u0130C. A.\u015e."},"content":{"rendered":"<p>[vc_row][vc_column][vc_single_image image=&#8221;1627&#8243; img_size=&#8221;full&#8221;]<div class=\"heading text-left\"><div class=\"heading_border bg_red\"><\/div><h2>M\u0131llen\u0131um <span class=\"color_red\">Hotel<\/span><\/h2><\/div>[vc_empty_space height=&#8221;20px&#8221;][\/vc_column][\/vc_row][vc_row][vc_column width=&#8221;2\/3&#8243;][vc_column_text]<\/p>\n<div class=\"wpb_text_column wpb_content_element \">\n<div class=\"wpb_wrapper\">\n<p>Eski \u0130stanbul\u2019un kalbinin att\u0131\u011f\u0131 tarihi yar\u0131madada, Anemas Zindanlar\u0131\u2019n\u0131n hemen yan\u0131nda \u201dSurlar \u0130\u00e7inde\u201d Blachernae Saray\u0131\u2019n\u0131n bah\u00e7esinde, Meryem Ana Ayazmas\u0131\u2019na ve Tekfur Saray\u0131\u2019na birka\u00e7 ad\u0131m uzakl\u0131kta olan Millennium \u0130stanbul Golden Horn Hotel, \u015fehrin di\u011fer t\u00fcm b\u00f6lgelerine deniz, kara ve rayl\u0131 sistemle ula\u015f\u0131m\u0131n \u00e7ok kolay oldu\u011fu Ayvansaray, Balat b\u00f6lgesindedir. Pierre Loti Tepesi, tarihi M\u0131s\u0131r \u00c7ar\u015f\u0131s\u0131 ve Sultan Ahmet Meydan\u0131na 10 dakikal\u0131k mesafededir.<\/p>\n<p>Bizans&#8217;\u0131n Cenevizliler&#8217;den alarak ilk yerle\u015fti\u011fi b\u00f6lge olan Ayvansaray&#8217;da yeniden hayata ge\u00e7irilen &#8221;Eski T\u00fcrk Mahallesi&#8221;nde yeralan Millenium \u0130stanbul Golden Horn Hotel, modern tarzda, klasik \u00e7izgiler ta\u015f\u0131yan mimarisi ile misafirlerine tarihi dokuda l\u00fcks\u00fc ya\u015fatmay\u0131 vaad ediyor. d\u00fcnyaca \u00fcnl\u00fc markalar\u0131n yerald\u0131\u011f\u0131 mahalle konsepti i\u00e7erisindeki cafe, restaurant, kuyumcu ve di\u011fer ma\u011fazalarda diledi\u011finiz gibi al\u0131\u015fveri\u015f yapabilir, g\u00fcnl\u00fck i\u015f ya\u015fam\u0131n\u0131n stresinden uzakla\u015fabilirsiniz. Otel, \u0130stanbul Atat\u00fcrk Havalan\u0131na 15km, Hali\u00e7 Kongre merkezi&#8217;ne 1km, Taksim b\u00f6lgesine 7km uzakl\u0131ktad\u0131r.<\/p>\n<\/div>\n<\/div>\n<p>[\/vc_column_text][\/vc_column][vc_column width=&#8221;1\/3&#8243;]<div class=\"pro-video\"><a data-fancybox-group=\"gallery\" data-height=\"420\" data-width=\"900\" class=\"html5lightbox content-vbtn-color-blue\" href=\"https:\/\/player.vimeo.com\/video\/https:\/\/www.youtube.com\/watch?v=gUYbzRH7aK0&amp;feature=youtu.be?title=0&amp;byline=0&amp;portrait=0&amp;color=11b1c2&amp;wmode=opaque\"><img src=\"https:\/\/www.snr.com.tr\/wp-content\/uploads\/2018\/05\/Millenium-Hotel-500.png\" alt=\"\" \/><\/a><\/div>[\/vc_column][\/vc_row][vc_row][vc_column][vc_btn title=&#8221;Millenium Hotel&#8221; style=&#8221;outline-custom&#8221; outline_custom_color=&#8221;#666666&#8243; outline_custom_hover_background=&#8221;#dd1a1a&#8221; outline_custom_hover_text=&#8221;#ffffff&#8221; i_align=&#8221;right&#8221; i_icon_fontawesome=&#8221;fa fa-sign-in&#8221; add_icon=&#8221;true&#8221; link=&#8221;url:https%3A%2F%2Fwww.millenniumhotels.com%2Fen%2Fistanbul%2Fmillennium-istanbul-golden-horn%2F||target:%20_blank|&#8221;][\/vc_column][\/vc_row][vc_row][vc_column][vc_empty_space height=&#8221;100px&#8221;][vc_single_image image=&#8221;1624&#8243; img_size=&#8221;full&#8221;][vc_single_image image=&#8221;1650&#8243; img_size=&#8221;full&#8221;][vc_empty_space height=&#8221;100px&#8221;]<div class=\"heading text-left\"><div class=\"heading_border bg_red\"><\/div><h2>M\u0131llen\u0131um  <span class=\"color_red\">Hotel<\/span><\/h2><\/div>[\/vc_column][\/vc_row][vc_row][vc_column width=&#8221;1\/4&#8243;][vc_single_image image=&#8221;1644&#8243; img_size=&#8221;full&#8221; style=&#8221;vc_box_shadow_3d&#8221;][vc_column_text]Modern tarzda d\u00f6\u015fenmi\u015f klasik \u00e7izgiler ta\u015f\u0131yan 3 adet S\u00fcit oda, 23 adet Deluxe oda, 88 adet Superior oda ve 13 adet Standart oda bulunmaktad\u0131r.[\/vc_column_text][\/vc_column][vc_column width=&#8221;1\/4&#8243;][vc_single_image image=&#8221;1642&#8243; img_size=&#8221;full&#8221; style=&#8221;vc_box_shadow_3d&#8221;][vc_column_text]Anema Spa&#8217;n\u0131n i\u00e7erisinde Cardiovascular donan\u0131ma sahip Fitness salonu, jakuzili dinlenme havuzu, sauna,\u00a0 T\u00fcrk hamam\u0131, Buhar odas\u0131 vard\u0131r.[\/vc_column_text][\/vc_column][vc_column width=&#8221;1\/4&#8243;][vc_single_image image=&#8221;1645&#8243; img_size=&#8221;full&#8221; style=&#8221;vc_box_shadow_3d&#8221;][vc_column_text]Keros Restaurant,\u00a0Tekfur Restaurant\u00a0ve Kathisma Private Dining Room, Millenium Otelin i\u00e7erisinde bulunan ve e\u015fsiz lezzetleri tecr\u00fcbe edebilece\u011finiz restaurantlar\u0131m\u0131zd\u0131r.[\/vc_column_text][\/vc_column][vc_column width=&#8221;1\/4&#8243;][vc_single_image image=&#8221;1643&#8243; img_size=&#8221;full&#8221; style=&#8221;vc_box_shadow_3d&#8221;][vc_column_text]Millenium Hotel&#8217;in \u00f6zel giri\u015fi bulunan balo salonu ve \u00f6n bah\u00e7esi 300 ki\u015fiye kadar yaz ve k\u0131\u015f davet veya i\u015f toplant\u0131lar\u0131n\u0131z i\u00e7in istedi\u011finiz do\u011frultuda d\u00fczenlenmektedir.[\/vc_column_text][\/vc_column][\/vc_row][vc_row][vc_column][vc_empty_space height=&#8221;100px&#8221;][\/vc_column][\/vc_row][vc_row][vc_column][vc_btn title=&#8221;Ana Sayfa&#8221; style=&#8221;outline-custom&#8221; outline_custom_color=&#8221;#666666&#8243; outline_custom_hover_background=&#8221;#dd1a1a&#8221; outline_custom_hover_text=&#8221;#ffffff&#8221; align=&#8221;center&#8221; i_icon_fontawesome=&#8221;fa fa-arrow-left&#8221; add_icon=&#8221;true&#8221; link=&#8221;url:http%3A%2F%2Fsnr.com.tr%2F|||&#8221;][\/vc_column][\/vc_row]<\/p>\n","protected":false},"excerpt":{"rendered":"<p>[vc_row][vc_column][vc_single_image image=&#8221;1627&#8243; img_size=&#8221;full&#8221;][vc_empty_space height=&#8221;20px&#8221;][\/vc_column][\/vc_row][vc_row][vc_column width=&#8221;2\/3&#8243;][vc_column_text] Eski \u0130stanbul\u2019un kalbinin att\u0131\u011f\u0131 tarihi yar\u0131madada, Anemas Zindanlar\u0131\u2019n\u0131n hemen yan\u0131nda \u201dSurlar \u0130\u00e7inde\u201d Blachernae Saray\u0131\u2019n\u0131n bah\u00e7esinde, Meryem Ana Ayazmas\u0131\u2019na ve Tekfur&hellip;<\/p>\n","protected":false},"author":1,"featured_media":0,"parent":0,"menu_order":0,"comment_status":"closed","ping_status":"closed","template":"","meta":[],"translation":{"provider":"WPGlobus","version":"2.10.4","language":"tr","enabled_languages":["gb","tr"],"languages":{"gb":{"title":true,"content":true,"excerpt":false},"tr":{"title":false,"content":true,"excerpt":false}}},"_links":{"self":[{"href":"https:\/\/www.snr.com.tr\/tr\/wp-json\/wp\/v2\/pages\/827"}],"collection":[{"href":"https:\/\/www.snr.com.tr\/tr\/wp-json\/wp\/v2\/pages"}],"about":[{"href":"https:\/\/www.snr.com.tr\/tr\/wp-json\/wp\/v2\/types\/page"}],"author":[{"embeddable":true,"href":"https:\/\/www.snr.com.tr\/tr\/wp-json\/wp\/v2\/users\/1"}],"replies":[{"embeddable":true,"href":"https:\/\/www.snr.com.tr\/tr\/wp-json\/wp\/v2\/comments?post=827"}],"version-history":[{"count":29,"href":"https:\/\/www.snr.com.tr\/tr\/wp-json\/wp\/v2\/pages\/827\/revisions"}],"predecessor-version":[{"id":2003,"href":"https:\/\/www.snr.com.tr\/tr\/wp-json\/wp\/v2\/pages\/827\/revisions\/2003"}],"wp:attachment":[{"href":"https:\/\/www.snr.com.tr\/tr\/wp-json\/wp\/v2\/media?parent=827"}],"curies":[{"name":"wp","href":"https:\/\/api.w.org\/{rel}","templated":true}]}}